{"id":47,"date":"2025-11-08T07:29:47","date_gmt":"2025-11-08T07:29:47","guid":{"rendered":"https:\/\/www.ms-metsapalvelut.fi\/?page_id=47"},"modified":"2025-12-05T18:00:01","modified_gmt":"2025-12-05T16:00:01","slug":"yhteydenottolomake","status":"publish","type":"page","link":"https:\/\/www.ms-metsapalvelut.fi\/?page_id=47","title":{"rendered":"Yhteydenottolomake"},"content":{"rendered":"<style id=\"wpforms-css-vars-41-block-8c7fdba0-1337-41af-8196-592e69ef336c\">\n\t\t\t\t#wpforms-41.wpforms-block-8c7fdba0-1337-41af-8196-592e69ef336c {\n\t\t\t\t--wpforms-field-size-input-height: 43px;\n--wpforms-field-size-input-spacing: 15px;\n--wpforms-field-size-font-size: 16px;\n--wpforms-field-size-line-height: 19px;\n--wpforms-field-size-padding-h: 14px;\n--wpforms-field-size-checkbox-size: 16px;\n--wpforms-field-size-sublabel-spacing: 5px;\n--wpforms-field-size-icon-size: 1;\n--wpforms-label-size-font-size: 16px;\n--wpforms-label-size-line-height: 19px;\n--wpforms-label-size-sublabel-font-size: 14px;\n--wpforms-label-size-sublabel-line-height: 17px;\n--wpforms-button-size-font-size: 17px;\n--wpforms-button-size-height: 41px;\n--wpforms-button-size-padding-h: 15px;\n--wpforms-button-size-margin-top: 10px;\n\t\t\t}\n\t\t\t<\/style><div class=\"wpforms-container wpforms-container-full wpforms-block wpforms-block-8c7fdba0-1337-41af-8196-592e69ef336c wpforms-render-modern\" id=\"wpforms-41\"><form id=\"wpforms-form-41\" class=\"wpforms-validate wpforms-form wpforms-ajax-form\" data-formid=\"41\" method=\"post\" enctype=\"multipart\/form-data\" action=\"\/index.php?rest_route=%2Fwp%2Fv2%2Fpages%2F47\" data-token=\"1afb3cac0061618604ad671f70b08ba3\" data-token-time=\"1775406518\"><noscript class=\"wpforms-error-noscript\">Please enable JavaScript in your browser to complete this form.<\/noscript><div id=\"wpforms-error-noscript\" style=\"display: none;\">Please enable JavaScript in your browser to complete this form.<\/div><div class=\"wpforms-field-container\"><div id=\"wpforms-41-field_1-container\" class=\"wpforms-field wpforms-field-name\" data-field-id=\"1\"><label class=\"wpforms-field-label\" for=\"wpforms-41-field_1\">Nimi <span class=\"wpforms-required-label\" aria-hidden=\"true\">*<\/span><\/label><input type=\"text\" id=\"wpforms-41-field_1\" class=\"wpforms-field-medium wpforms-field-required\" name=\"wpforms[fields][1]\" aria-errormessage=\"wpforms-41-field_1-error\" required><\/div>\t\t<div id=\"wpforms-41-field_7-container\"\n\t\t\tclass=\"wpforms-field wpforms-field-text\"\n\t\t\tdata-field-type=\"text\"\n\t\t\tdata-field-id=\"7\"\n\t\t\t>\n\t\t\t<label class=\"wpforms-field-label\" for=\"wpforms-41-field_7\" >Aihe Viesti Nimi<\/label>\n\t\t\t<input type=\"text\" id=\"wpforms-41-field_7\" class=\"wpforms-field-medium\" name=\"wpforms[fields][7]\" >\n\t\t<\/div>\n\t\t<div id=\"wpforms-41-field_2-container\" class=\"wpforms-field wpforms-field-email\" data-field-id=\"2\"><label class=\"wpforms-field-label\" for=\"wpforms-41-field_2\">S\u00e4hk\u00f6posti <span class=\"wpforms-required-label\" aria-hidden=\"true\">*<\/span><\/label><input type=\"email\" id=\"wpforms-41-field_2\" class=\"wpforms-field-medium wpforms-field-required\" name=\"wpforms[fields][2]\" spellcheck=\"false\" aria-errormessage=\"wpforms-41-field_2-error\" required><\/div><div id=\"wpforms-41-field_5-container\" class=\"wpforms-field wpforms-field-number\" data-field-id=\"5\"><label class=\"wpforms-field-label\" for=\"wpforms-41-field_5\">Puhelin<\/label><input type=\"number\" id=\"wpforms-41-field_5\" class=\"wpforms-field-medium\" name=\"wpforms[fields][5]\" step=\"any\" aria-errormessage=\"wpforms-41-field_5-error\" ><\/div><div id=\"wpforms-41-field_6-container\" class=\"wpforms-field wpforms-field-checkbox\" data-field-id=\"6\"><fieldset><legend class=\"wpforms-field-label\">Yhteydenottotapa <span class=\"wpforms-required-label\" aria-hidden=\"true\">*<\/span><\/legend><ul id=\"wpforms-41-field_6\" class=\"wpforms-field-required\"><li class=\"choice-1 depth-1\"><input type=\"checkbox\" id=\"wpforms-41-field_6_1\" name=\"wpforms[fields][6][]\" value=\"S\u00e4hk\u00f6posti\" aria-errormessage=\"wpforms-41-field_6_1-error\" required ><label class=\"wpforms-field-label-inline\" for=\"wpforms-41-field_6_1\">S\u00e4hk\u00f6posti<\/label><\/li><li class=\"choice-2 depth-1\"><input type=\"checkbox\" id=\"wpforms-41-field_6_2\" name=\"wpforms[fields][6][]\" value=\"Puhelin\" aria-errormessage=\"wpforms-41-field_6_2-error\" required ><label class=\"wpforms-field-label-inline\" for=\"wpforms-41-field_6_2\">Puhelin<\/label><\/li><\/ul><\/fieldset><\/div><div id=\"wpforms-41-field_3-container\" class=\"wpforms-field wpforms-field-select wpforms-field-select-style-classic\" data-field-id=\"3\"><label class=\"wpforms-field-label\" for=\"wpforms-41-field_3\">Aihe <span class=\"wpforms-required-label\" aria-hidden=\"true\">*<\/span><\/label><select id=\"wpforms-41-field_3\" class=\"wpforms-field-medium wpforms-field-required\" name=\"wpforms[fields][3]\" required=\"required\"><option value=\"\" class=\"placeholder\" disabled  selected='selected'>&#8212; Valitse vaihtoehto &#8212;<\/option><option value=\"Tarjouspyynt\u00f6\"  class=\"choice-1 depth-1\"  >Tarjouspyynt\u00f6<\/option><option value=\"Lis\u00e4tietoa palveluista\"  class=\"choice-2 depth-1\"  >Lis\u00e4tietoa palveluista<\/option><option value=\"Muu asia\"  class=\"choice-3 depth-1\"  >Muu asia<\/option><\/select><\/div><div id=\"wpforms-41-field_4-container\" class=\"wpforms-field wpforms-field-textarea\" data-field-id=\"4\"><label class=\"wpforms-field-label\" for=\"wpforms-41-field_4\">Viesti <span class=\"wpforms-required-label\" aria-hidden=\"true\">*<\/span><\/label><textarea id=\"wpforms-41-field_4\" class=\"wpforms-field-medium wpforms-field-required\" name=\"wpforms[fields][4]\" aria-errormessage=\"wpforms-41-field_4-error\" required><\/textarea><\/div><script>\n\t\t\t\t( function() {\n\t\t\t\t\tconst style = document.createElement( 'style' );\n\t\t\t\t\tstyle.appendChild( document.createTextNode( '#wpforms-41-field_7-container { position: absolute !important; overflow: hidden !important; display: inline !important; height: 1px !important; width: 1px !important; z-index: -1000 !important; padding: 0 !important; } #wpforms-41-field_7-container input { visibility: hidden; } #wpforms-conversational-form-page #wpforms-41-field_7-container label { counter-increment: none; }' ) );\n\t\t\t\t\tdocument.head.appendChild( style );\n\t\t\t\t\tdocument.currentScript?.remove();\n\t\t\t\t} )();\n\t\t\t<\/script><\/div><!-- .wpforms-field-container --><div class=\"wpforms-recaptcha-container wpforms-is-recaptcha wpforms-is-recaptcha-type-v2\" ><div class=\"g-recaptcha\" data-sitekey=\"6LfVHwYsAAAAAIC2hdGsAkueSA8ubuvNhCMP4ltO\"><\/div><input type=\"text\" name=\"g-recaptcha-hidden\" class=\"wpforms-recaptcha-hidden\" style=\"position:absolute!important;clip:rect(0,0,0,0)!important;height:1px!important;width:1px!important;border:0!important;overflow:hidden!important;padding:0!important;margin:0!important;\" data-rule-recaptcha=\"1\"><\/div><div class=\"wpforms-submit-container\" ><input type=\"hidden\" name=\"wpforms[id]\" value=\"41\"><input type=\"hidden\" name=\"page_title\" value=\"\"><input type=\"hidden\" name=\"page_url\" value=\"https:\/\/www.ms-metsapalvelut.fi\/index.php?rest_route=\/wp\/v2\/pages\/47\"><input type=\"hidden\" name=\"url_referer\" value=\"\"><button type=\"submit\" name=\"wpforms[submit]\" id=\"wpforms-submit-41\" class=\"wpforms-submit\" data-alt-text=\"L\u00e4hetet\u00e4\u00e4n...\" data-submit-text=\"L\u00e4het\u00e4\" aria-live=\"assertive\" value=\"wpforms-submit\">L\u00e4het\u00e4<\/button><img loading=\"lazy\" decoding=\"async\" src=\"https:\/\/www.ms-metsapalvelut.fi\/wp-content\/plugins\/wpforms-lite\/assets\/images\/submit-spin.svg\" class=\"wpforms-submit-spinner\" style=\"display: none;\" width=\"26\" height=\"26\" alt=\"Loading\"><\/div><\/form><\/div>  <!-- .wpforms-container -->","protected":false},"excerpt":{"rendered":"","protected":false},"author":1,"featured_media":0,"parent":0,"menu_order":4,"comment_status":"closed","ping_status":"closed","template":"","meta":{"_monsterinsights_skip_tracking":false,"_monsterinsights_sitenote_active":false,"_monsterinsights_sitenote_note":"","_monsterinsights_sitenote_category":0,"footnotes":""},"class_list":["post-47","page","type-page","status-publish","hentry"],"yoast_head":"<!-- This site is optimized with the Yoast SEO plugin v27.3 - https:\/\/yoast.com\/product\/yoast-seo-wordpress\/ -->\n<title>Yhteydenottolomake - MS METS&Auml;PALVELUT<\/title>\n<meta name=\"description\" content=\"Tarvitse apua mets\u00e4n kanssa, ota yhteytt\u00e4!\" \/>\n<meta name=\"robots\" content=\"index, follow, max-snippet:-1, max-image-preview:large, max-video-preview:-1\" \/>\n<link rel=\"canonical\" href=\"https:\/\/www.ms-metsapalvelut.fi\/?page_id=47\" \/>\n<meta property=\"og:locale\" content=\"fi_FI\" \/>\n<meta property=\"og:type\" content=\"article\" \/>\n<meta property=\"og:title\" content=\"Yhteydenottolomake - MS METS&Auml;PALVELUT\" \/>\n<meta property=\"og:description\" content=\"Tarvitse apua mets\u00e4n kanssa, ota yhteytt\u00e4!\" \/>\n<meta property=\"og:url\" content=\"https:\/\/www.ms-metsapalvelut.fi\/?page_id=47\" \/>\n<meta property=\"og:site_name\" content=\"MS METS&Auml;PALVELUT\" \/>\n<meta property=\"article:publisher\" content=\"https:\/\/www.facebook.com\/profile.php?id=61584113787084\" \/>\n<meta property=\"article:modified_time\" content=\"2025-12-05T16:00:01+00:00\" \/>\n<meta name=\"twitter:card\" content=\"summary_large_image\" \/>\n<script type=\"application\/ld+json\" class=\"yoast-schema-graph\">{\"@context\":\"https:\\\/\\\/schema.org\",\"@graph\":[{\"@type\":\"WebPage\",\"@id\":\"https:\\\/\\\/www.ms-metsapalvelut.fi\\\/?page_id=47\",\"url\":\"https:\\\/\\\/www.ms-metsapalvelut.fi\\\/?page_id=47\",\"name\":\"Yhteydenottolomake - MS METS&Auml;PALVELUT\",\"isPartOf\":{\"@id\":\"https:\\\/\\\/www.ms-metsapalvelut.fi\\\/#website\"},\"datePublished\":\"2025-11-08T07:29:47+00:00\",\"dateModified\":\"2025-12-05T16:00:01+00:00\",\"description\":\"Tarvitse apua mets\u00e4n kanssa, ota yhteytt\u00e4!\",\"breadcrumb\":{\"@id\":\"https:\\\/\\\/www.ms-metsapalvelut.fi\\\/?page_id=47#breadcrumb\"},\"inLanguage\":\"fi\",\"potentialAction\":[{\"@type\":\"ReadAction\",\"target\":[\"https:\\\/\\\/www.ms-metsapalvelut.fi\\\/?page_id=47\"]}]},{\"@type\":\"BreadcrumbList\",\"@id\":\"https:\\\/\\\/www.ms-metsapalvelut.fi\\\/?page_id=47#breadcrumb\",\"itemListElement\":[{\"@type\":\"ListItem\",\"position\":1,\"name\":\"Etusivu\",\"item\":\"https:\\\/\\\/www.ms-metsapalvelut.fi\\\/\"},{\"@type\":\"ListItem\",\"position\":2,\"name\":\"Yhteydenottolomake\"}]},{\"@type\":\"WebSite\",\"@id\":\"https:\\\/\\\/www.ms-metsapalvelut.fi\\\/#website\",\"url\":\"https:\\\/\\\/www.ms-metsapalvelut.fi\\\/\",\"name\":\"MS METS\u00c4PALVELUT\",\"description\":\"- Kasvun kumppani -\",\"publisher\":{\"@id\":\"https:\\\/\\\/www.ms-metsapalvelut.fi\\\/#organization\"},\"alternateName\":\"MS-Mets\u00e4palvelut\",\"potentialAction\":[{\"@type\":\"SearchAction\",\"target\":{\"@type\":\"EntryPoint\",\"urlTemplate\":\"https:\\\/\\\/www.ms-metsapalvelut.fi\\\/?s={search_term_string}\"},\"query-input\":{\"@type\":\"PropertyValueSpecification\",\"valueRequired\":true,\"valueName\":\"search_term_string\"}}],\"inLanguage\":\"fi\"},{\"@type\":\"Organization\",\"@id\":\"https:\\\/\\\/www.ms-metsapalvelut.fi\\\/#organization\",\"name\":\"MS METS\u00c4PALVELUT\",\"url\":\"https:\\\/\\\/www.ms-metsapalvelut.fi\\\/\",\"logo\":{\"@type\":\"ImageObject\",\"inLanguage\":\"fi\",\"@id\":\"https:\\\/\\\/www.ms-metsapalvelut.fi\\\/#\\\/schema\\\/logo\\\/image\\\/\",\"url\":\"https:\\\/\\\/www.ms-metsapalvelut.fi\\\/wp-content\\\/uploads\\\/2025\\\/11\\\/Logo_pikkuinen350x350.png\",\"contentUrl\":\"https:\\\/\\\/www.ms-metsapalvelut.fi\\\/wp-content\\\/uploads\\\/2025\\\/11\\\/Logo_pikkuinen350x350.png\",\"width\":350,\"height\":350,\"caption\":\"MS METS\u00c4PALVELUT\"},\"image\":{\"@id\":\"https:\\\/\\\/www.ms-metsapalvelut.fi\\\/#\\\/schema\\\/logo\\\/image\\\/\"},\"sameAs\":[\"https:\\\/\\\/www.facebook.com\\\/profile.php?id=61584113787084\",\"https:\\\/\\\/www.instagram.com\\\/ms_metsapalvelut\\\/\"]}]}<\/script>\n<!-- \/ Yoast SEO plugin. -->","yoast_head_json":{"title":"Yhteydenottolomake - MS METS&Auml;PALVELUT","description":"Tarvitse apua mets\u00e4n kanssa, ota yhteytt\u00e4!","robots":{"index":"index","follow":"follow","max-snippet":"max-snippet:-1","max-image-preview":"max-image-preview:large","max-video-preview":"max-video-preview:-1"},"canonical":"https:\/\/www.ms-metsapalvelut.fi\/?page_id=47","og_locale":"fi_FI","og_type":"article","og_title":"Yhteydenottolomake - MS METS&Auml;PALVELUT","og_description":"Tarvitse apua mets\u00e4n kanssa, ota yhteytt\u00e4!","og_url":"https:\/\/www.ms-metsapalvelut.fi\/?page_id=47","og_site_name":"MS METS&Auml;PALVELUT","article_publisher":"https:\/\/www.facebook.com\/profile.php?id=61584113787084","article_modified_time":"2025-12-05T16:00:01+00:00","twitter_card":"summary_large_image","schema":{"@context":"https:\/\/schema.org","@graph":[{"@type":"WebPage","@id":"https:\/\/www.ms-metsapalvelut.fi\/?page_id=47","url":"https:\/\/www.ms-metsapalvelut.fi\/?page_id=47","name":"Yhteydenottolomake - MS METS&Auml;PALVELUT","isPartOf":{"@id":"https:\/\/www.ms-metsapalvelut.fi\/#website"},"datePublished":"2025-11-08T07:29:47+00:00","dateModified":"2025-12-05T16:00:01+00:00","description":"Tarvitse apua mets\u00e4n kanssa, ota yhteytt\u00e4!","breadcrumb":{"@id":"https:\/\/www.ms-metsapalvelut.fi\/?page_id=47#breadcrumb"},"inLanguage":"fi","potentialAction":[{"@type":"ReadAction","target":["https:\/\/www.ms-metsapalvelut.fi\/?page_id=47"]}]},{"@type":"BreadcrumbList","@id":"https:\/\/www.ms-metsapalvelut.fi\/?page_id=47#breadcrumb","itemListElement":[{"@type":"ListItem","position":1,"name":"Etusivu","item":"https:\/\/www.ms-metsapalvelut.fi\/"},{"@type":"ListItem","position":2,"name":"Yhteydenottolomake"}]},{"@type":"WebSite","@id":"https:\/\/www.ms-metsapalvelut.fi\/#website","url":"https:\/\/www.ms-metsapalvelut.fi\/","name":"MS METS\u00c4PALVELUT","description":"- Kasvun kumppani -","publisher":{"@id":"https:\/\/www.ms-metsapalvelut.fi\/#organization"},"alternateName":"MS-Mets\u00e4palvelut","potentialAction":[{"@type":"SearchAction","target":{"@type":"EntryPoint","urlTemplate":"https:\/\/www.ms-metsapalvelut.fi\/?s={search_term_string}"},"query-input":{"@type":"PropertyValueSpecification","valueRequired":true,"valueName":"search_term_string"}}],"inLanguage":"fi"},{"@type":"Organization","@id":"https:\/\/www.ms-metsapalvelut.fi\/#organization","name":"MS METS\u00c4PALVELUT","url":"https:\/\/www.ms-metsapalvelut.fi\/","logo":{"@type":"ImageObject","inLanguage":"fi","@id":"https:\/\/www.ms-metsapalvelut.fi\/#\/schema\/logo\/image\/","url":"https:\/\/www.ms-metsapalvelut.fi\/wp-content\/uploads\/2025\/11\/Logo_pikkuinen350x350.png","contentUrl":"https:\/\/www.ms-metsapalvelut.fi\/wp-content\/uploads\/2025\/11\/Logo_pikkuinen350x350.png","width":350,"height":350,"caption":"MS METS\u00c4PALVELUT"},"image":{"@id":"https:\/\/www.ms-metsapalvelut.fi\/#\/schema\/logo\/image\/"},"sameAs":["https:\/\/www.facebook.com\/profile.php?id=61584113787084","https:\/\/www.instagram.com\/ms_metsapalvelut\/"]}]}},"_links":{"self":[{"href":"https:\/\/www.ms-metsapalvelut.fi\/index.php?rest_route=\/wp\/v2\/pages\/47","targetHints":{"allow":["GET"]}}],"collection":[{"href":"https:\/\/www.ms-metsapalvelut.fi\/index.php?rest_route=\/wp\/v2\/pages"}],"about":[{"href":"https:\/\/www.ms-metsapalvelut.fi\/index.php?rest_route=\/wp\/v2\/types\/page"}],"author":[{"embeddable":true,"href":"https:\/\/www.ms-metsapalvelut.fi\/index.php?rest_route=\/wp\/v2\/users\/1"}],"replies":[{"embeddable":true,"href":"https:\/\/www.ms-metsapalvelut.fi\/index.php?rest_route=%2Fwp%2Fv2%2Fcomments&post=47"}],"version-history":[{"count":1,"href":"https:\/\/www.ms-metsapalvelut.fi\/index.php?rest_route=\/wp\/v2\/pages\/47\/revisions"}],"predecessor-version":[{"id":51,"href":"https:\/\/www.ms-metsapalvelut.fi\/index.php?rest_route=\/wp\/v2\/pages\/47\/revisions\/51"}],"wp:attachment":[{"href":"https:\/\/www.ms-metsapalvelut.fi\/index.php?rest_route=%2Fwp%2Fv2%2Fmedia&parent=47"}],"curies":[{"name":"wp","href":"https:\/\/api.w.org\/{rel}","templated":true}]}}